{"id":1093,"date":"2023-02-13T19:30:10","date_gmt":"2023-02-13T17:30:10","guid":{"rendered":"https:\/\/testgillieai.wpcomstaging.com\/?page_id=1093"},"modified":"2025-11-15T01:28:21","modified_gmt":"2025-11-14T23:28:21","slug":"iot","status":"publish","type":"page","link":"https:\/\/www.gillie.ai\/fi\/iot\/","title":{"rendered":"IoT"},"content":{"rendered":"<div class=\"wp-block-cover has-custom-content-position is-position-bottom-left\"><img loading=\"lazy\" decoding=\"async\" width=\"2121\" height=\"1414\" class=\"wp-block-cover__image-background wp-image-1095\" src=\"\/wp-content\/uploads\/2023\/03\/blood_pressure.jpg\" alt=\"\" data-object-fit=\"cover\" srcset=\"https:\/\/www.gillie.ai\/wp-content\/uploads\/2023\/03\/blood_pressure.jpg 2121w, https:\/\/www.gillie.ai\/wp-content\/uploads\/2023\/03\/blood_pressure-300x200.jpg 300w, https:\/\/www.gillie.ai\/wp-content\/uploads\/2023\/03\/blood_pressure-1024x683.jpg 1024w, https:\/\/www.gillie.ai\/wp-content\/uploads\/2023\/03\/blood_pressure-768x512.jpg 768w, https:\/\/www.gillie.ai\/wp-content\/uploads\/2023\/03\/blood_pressure-1536x1024.jpg 1536w, https:\/\/www.gillie.ai\/wp-content\/uploads\/2023\/03\/blood_pressure-2048x1365.jpg 2048w, https:\/\/www.gillie.ai\/wp-content\/uploads\/2023\/03\/blood_pressure-18x12.jpg 18w, https:\/\/www.gillie.ai\/wp-content\/uploads\/2023\/03\/blood_pressure-1200x800.jpg 1200w, https:\/\/www.gillie.ai\/wp-content\/uploads\/2023\/03\/blood_pressure-930x620.jpg 930w\" sizes=\"auto, (max-width: 2121px) 100vw, 2121px\" \/>\r\n<div class=\"wp-block-cover__inner-container is-layout-flow wp-block-cover-is-layout-flow\">\r\n<div id=\"wp-block-themeisle-blocks-advanced-columns-a7d41d81\" class=\"wp-block-themeisle-blocks-advanced-columns has-1-columns has-desktop-equal-layout has-tablet-equal-layout has-mobile-equal-layout has-vertical-unset\">\r\n<div class=\"wp-block-themeisle-blocks-advanced-columns-overlay\">\u00a0<\/div>\r\n<div class=\"innerblocks-wrap\">\r\n<div id=\"wp-block-themeisle-blocks-advanced-column-cfa2ee7a\" class=\"wp-block-themeisle-blocks-advanced-column\">\r\n<h2 id=\"wp-block-themeisle-blocks-advanced-heading-fbafbde2\" class=\"wp-block-themeisle-blocks-advanced-heading wp-block-themeisle-blocks-advanced-heading-fbafbde2\">IoT-alusta<\/h2>\r\n<\/div>\r\n<\/div>\r\n<\/div>\r\n<\/div>\r\n<\/div>\r\n\r\n\r\n\r\n<h2 id=\"wp-block-themeisle-blocks-advanced-heading-7065ae14\" class=\"wp-block-themeisle-blocks-advanced-heading wp-block-themeisle-blocks-advanced-heading-7065ae14\"><strong>Mahdollistaa 24\/7 hoidon kotona<\/strong><\/h2>\r\n\r\n\r\n\r\n<div class=\"wp-block-columns is-layout-flex wp-container-core-columns-is-layout-9d6595d7 wp-block-columns-is-layout-flex\">\r\n<div class=\"wp-block-column has-nv-text-dark-bg-background-color has-background is-layout-flow wp-block-column-is-layout-flow\" style=\"flex-basis: 100%;\">\r\n<div class=\"wp-block-uagb-tabs uagb-block-e88077c0 uagb-tabs__wrap uagb-tabs__hstyle1-desktop uagb-tabs__hstyle1-tablet uagb-tabs__stack1-mobile\" data-tab-active=\"0\">\r\n<ul class=\"uagb-tabs__panel uagb-tabs__align-center\" role=\"tablist\">\r\n<li class=\"uagb-tab uagb-tabs__active\" role=\"none\"><a class=\"uagb-tabs-list uagb-tabs__icon-position-left\" role=\"tab\" href=\"#uagb-tabs__tab0\" data-tab=\"0\">Yhteenveto<\/a><\/li>\r\n<li class=\"uagb-tab\" role=\"none\"><a class=\"uagb-tabs-list uagb-tabs__icon-position-left\" role=\"tab\" href=\"#uagb-tabs__tab1\" data-tab=\"1\">Ominaisuudet<\/a><\/li>\r\n<\/ul>\r\n<div class=\"uagb-tabs__body-wrap\">\r\n<div class=\"wp-block-uagb-tabs-child uagb-tabs__body-container uagb-inner-tab-0\" aria-labelledby=\"uagb-tabs__tab0\">\r\n<div id=\"wp-block-themeisle-blocks-advanced-columns-24035d6c\" class=\"wp-block-themeisle-blocks-advanced-columns has-1-columns has-desktop-equal-layout has-tablet-equal-layout has-mobile-equal-layout has-vertical-unset\">\r\n<div class=\"wp-block-themeisle-blocks-advanced-columns-overlay\">\u00a0<\/div>\r\n<div class=\"innerblocks-wrap\">\r\n<div id=\"wp-block-themeisle-blocks-advanced-column-7d69a5ae\" class=\"wp-block-themeisle-blocks-advanced-column o-sticky o-sticky-pos-top o-sticky-bhvr-keep o-sticky-scope-parent editorskit-no-tablet editorskit-no-mobile\">\r\n<p>&nbsp;<\/p>\r\n<\/div>\r\n<\/div>\r\n<\/div>\r\n\r\n\r\n\r\n<div id=\"wp-block-themeisle-blocks-advanced-columns-9a15bd78\" class=\"wp-block-themeisle-blocks-advanced-columns has-2-columns has-desktop-oneTwo-layout has-tablet-equal-layout has-mobile-collapsedRows-layout has-vertical-unset\">\r\n<div class=\"wp-block-themeisle-blocks-advanced-columns-overlay\">\u00a0<\/div>\r\n<div class=\"innerblocks-wrap\">\r\n<div id=\"wp-block-themeisle-blocks-advanced-column-54bd5a89\" class=\"wp-block-themeisle-blocks-advanced-column\">\r\n<p class=\"has-drop-cap ticss-f9821791\">Gillie IoT integroi asiakkaiden kotona k\u00e4ytt\u00e4m\u00e4t turva- ja mittalaitteet palveluntarjoajan tietoj\u00e4rjestelmiin.<\/p>\r\n\r\n\r\n\r\n<p class=\"ticss-d3502048\">Palvelun avulla osa sairaalassa ja hoitokodeissa tarjottavasta ymp\u00e4rivuorokautisesta palvelusta voidaan toteuttaa kotona. Asiakkaan kotona p\u00e4rj\u00e4\u00e4mist\u00e4 voidaan seurata et\u00e4n\u00e4 vuorokaudenajasta tai asuinpaikasta riippumatta.<\/p>\r\n<\/div>\r\n\r\n\r\n\r\n<div id=\"wp-block-themeisle-blocks-advanced-column-d351705e\" class=\"wp-block-themeisle-blocks-advanced-column\">\r\n<div class=\"nv-iframe-embed\"><span class=\"embed-youtube\" style=\"text-align: center; display: block;\"><iframe loading=\"lazy\" class=\"youtube-player\" style=\"border: 0;\" src=\"https:\/\/www.youtube.com\/embed\/H9W9KwbWnZw?autoplay=1&amp;rel=1&amp;mute=1&amp;loop=1&amp;playlist=H9W9KwbWnZw&amp;version=3&amp;showsearch=0&amp;showinfo=1&amp;iv_load_policy=1&amp;fs=1&amp;hl=fi&amp;autohide=2&amp;wmode=transparent\" width=\"1200\" height=\"675\" sandbox=\"allow-scripts allow-same-origin allow-popups allow-presentation\" allowfullscreen=\"allowfullscreen\"><\/iframe><\/span><\/div>\r\n<\/div>\r\n<\/div>\r\n<\/div>\r\n\r\n\r\n\r\n<h2 id=\"wp-block-themeisle-blocks-advanced-heading-956ec3d0\" class=\"wp-block-themeisle-blocks-advanced-heading wp-block-themeisle-blocks-advanced-heading-956ec3d0\"><strong>Hy\u00f6dyt<\/strong><\/h2>\r\n\r\n\r\n\r\n<div class=\"wp-block-jetpack-layout-grid column1-desktop-grid__span-4 column1-desktop-grid__row-1 column2-desktop-grid__span-4 column2-desktop-grid__start-5 column2-desktop-grid__row-1 column3-desktop-grid__span-4 column3-desktop-grid__start-9 column3-desktop-grid__row-1 column1-tablet-grid__span-4 column1-tablet-grid__row-1 column2-tablet-grid__span-4 column2-tablet-grid__start-5 column2-tablet-grid__row-1 column3-tablet-grid__span-4 column3-tablet-grid__row-2 column1-mobile-grid__span-4 column1-mobile-grid__row-1 column2-mobile-grid__span-4 column2-mobile-grid__row-2 column3-mobile-grid__span-4 column3-mobile-grid__row-3\">\r\n<div class=\"wp-block-jetpack-layout-grid-column wp-block-jetpack-layout-grid__padding-medium\">\r\n<figure class=\"wp-block-image size-full\"><img loading=\"lazy\" decoding=\"async\" width=\"724\" height=\"483\" class=\"wp-image-2288\" src=\"\/wp-content\/uploads\/2023\/03\/home-1.jpg\" alt=\"\" srcset=\"https:\/\/www.gillie.ai\/wp-content\/uploads\/2023\/03\/home-1.jpg 724w, https:\/\/www.gillie.ai\/wp-content\/uploads\/2023\/03\/home-1-300x200.jpg 300w, https:\/\/www.gillie.ai\/wp-content\/uploads\/2023\/03\/home-1-18x12.jpg 18w\" sizes=\"auto, (max-width: 724px) 100vw, 724px\" \/>\r\n<figcaption class=\"wp-element-caption\"><strong><span style=\"font-size: 25px;\">24\/7 hoito kotona<\/span><\/strong><br \/>Asiakkaita ja heid\u00e4n selviytymiskyky\u00e4\u00e4n kotiymp\u00e4rist\u00f6ss\u00e4 voidaan seurata \u00e4\u00e4rimm\u00e4isen tarkasti ajasta tai paikasta riippumatta.<\/figcaption>\r\n<\/figure>\r\n<\/div>\r\n\r\n\r\n\r\n<div class=\"wp-block-jetpack-layout-grid-column wp-block-jetpack-layout-grid__padding-medium\">\r\n<figure class=\"wp-block-image size-full\"><img loading=\"lazy\" decoding=\"async\" width=\"724\" height=\"483\" class=\"wp-image-2289\" src=\"\/wp-content\/uploads\/2023\/03\/wheelchair2.jpg\" alt=\"\" srcset=\"https:\/\/www.gillie.ai\/wp-content\/uploads\/2023\/03\/wheelchair2.jpg 724w, https:\/\/www.gillie.ai\/wp-content\/uploads\/2023\/03\/wheelchair2-300x200.jpg 300w, https:\/\/www.gillie.ai\/wp-content\/uploads\/2023\/03\/wheelchair2-18x12.jpg 18w\" sizes=\"auto, (max-width: 724px) 100vw, 724px\" \/>\r\n<figcaption class=\"wp-element-caption\"><strong><span style=\"font-size: 25px;\">Nopea kotiutus sairaalasta<\/span><\/strong><br \/>Et\u00e4seuranta mahdollistaa nopean kotiutuksen sairaalasta. Asiakkaan tilassa tapahtuvat muutokset n\u00e4ytet\u00e4\u00e4n reaaliajassa ja laitteiden l\u00e4hett\u00e4m\u00e4t h\u00e4lytykset n\u00e4kyv\u00e4t yhdess\u00e4 n\u00e4kym\u00e4ss\u00e4.<\/figcaption>\r\n<\/figure>\r\n<\/div>\r\n\r\n\r\n\r\n<div class=\"wp-block-jetpack-layout-grid-column wp-block-jetpack-layout-grid__padding-medium\">\r\n<figure class=\"wp-block-image size-full\"><img loading=\"lazy\" decoding=\"async\" width=\"724\" height=\"482\" class=\"wp-image-2291\" src=\"\/wp-content\/uploads\/2023\/03\/realtime.jpg\" alt=\"\" srcset=\"https:\/\/www.gillie.ai\/wp-content\/uploads\/2023\/03\/realtime.jpg 724w, https:\/\/www.gillie.ai\/wp-content\/uploads\/2023\/03\/realtime-300x200.jpg 300w, https:\/\/www.gillie.ai\/wp-content\/uploads\/2023\/03\/realtime-18x12.jpg 18w\" sizes=\"auto, (max-width: 724px) 100vw, 724px\" \/>\r\n<figcaption class=\"wp-element-caption\"><strong><span style=\"font-size: 25px;\">Ajantasainen seuranta<\/span><\/strong><br \/>Asiakkaiden kotona tekem\u00e4t mittaukset siirret\u00e4\u00e4n reaaliajassa ammattilaisten k\u00e4ytt\u00e4miin j\u00e4rjestelmiin.<\/figcaption>\r\n<\/figure>\r\n<\/div>\r\n<\/div>\r\n\r\n\r\n\r\n<div class=\"wp-block-jetpack-layout-grid column1-desktop-grid__span-4 column1-desktop-grid__row-1 column2-desktop-grid__span-4 column2-desktop-grid__start-5 column2-desktop-grid__row-1 column3-desktop-grid__span-4 column3-desktop-grid__start-9 column3-desktop-grid__row-1 column1-tablet-grid__span-4 column1-tablet-grid__row-1 column2-tablet-grid__span-4 column2-tablet-grid__start-5 column2-tablet-grid__row-1 column3-tablet-grid__span-4 column3-tablet-grid__row-2 column1-mobile-grid__span-4 column1-mobile-grid__row-1 column2-mobile-grid__span-4 column2-mobile-grid__row-2 column3-mobile-grid__span-4 column3-mobile-grid__row-3\">\r\n<div class=\"wp-block-jetpack-layout-grid-column wp-block-jetpack-layout-grid__padding-medium\">\r\n<figure class=\"wp-block-image size-full\"><img loading=\"lazy\" decoding=\"async\" width=\"724\" height=\"483\" class=\"wp-image-2292\" src=\"\/wp-content\/uploads\/2023\/03\/own_devices.jpg\" alt=\"\" srcset=\"https:\/\/www.gillie.ai\/wp-content\/uploads\/2023\/03\/own_devices.jpg 724w, https:\/\/www.gillie.ai\/wp-content\/uploads\/2023\/03\/own_devices-300x200.jpg 300w, https:\/\/www.gillie.ai\/wp-content\/uploads\/2023\/03\/own_devices-18x12.jpg 18w\" sizes=\"auto, (max-width: 724px) 100vw, 724px\" \/>\r\n<figcaption class=\"wp-element-caption\"><strong><span style=\"font-size: 25px;\">Yhteensopiva asiakkaiden omien laitteiden kanssa<\/span><\/strong><br \/>Monilla asiakkailla on omia hyvinvointi- ja mittauslaitteita. Gillie IoT:n avulla heid\u00e4t voidaan yhdist\u00e4\u00e4 sairaaloiden ja kotihoito-organisaatioiden tietoj\u00e4rjestelmiin.<\/figcaption>\r\n<\/figure>\r\n<\/div>\r\n\r\n\r\n\r\n<div class=\"wp-block-jetpack-layout-grid-column wp-block-jetpack-layout-grid__padding-medium\">\u00a0<\/div>\r\n\r\n\r\n\r\n<div class=\"wp-block-jetpack-layout-grid-column wp-block-jetpack-layout-grid__padding-medium\">\u00a0<\/div>\r\n<\/div>\r\n<\/div>\r\n\r\n\r\n\r\n<div class=\"wp-block-uagb-tabs-child uagb-tabs__body-container uagb-inner-tab-1\" aria-labelledby=\"uagb-tabs__tab1\">\r\n<div class=\"wp-block-jetpack-layout-grid column1-desktop-grid__span-4 column1-desktop-grid__row-1 column2-desktop-grid__span-4 column2-desktop-grid__start-5 column2-desktop-grid__row-1 column3-desktop-grid__span-4 column3-desktop-grid__start-9 column3-desktop-grid__row-1 column1-tablet-grid__span-4 column1-tablet-grid__row-1 column2-tablet-grid__span-4 column2-tablet-grid__start-5 column2-tablet-grid__row-1 column3-tablet-grid__span-4 column3-tablet-grid__row-2 column1-mobile-grid__span-4 column1-mobile-grid__row-1 column2-mobile-grid__span-4 column2-mobile-grid__row-2 column3-mobile-grid__span-4 column3-mobile-grid__row-3\">\r\n<div class=\"wp-block-jetpack-layout-grid-column wp-block-jetpack-layout-grid__padding-medium\">\r\n<figure class=\"wp-block-image size-full\"><img loading=\"lazy\" decoding=\"async\" width=\"724\" height=\"482\" class=\"wp-image-2293\" src=\"\/wp-content\/uploads\/2023\/03\/alarm-1.jpg\" alt=\"\" srcset=\"https:\/\/www.gillie.ai\/wp-content\/uploads\/2023\/03\/alarm-1.jpg 724w, https:\/\/www.gillie.ai\/wp-content\/uploads\/2023\/03\/alarm-1-300x200.jpg 300w, https:\/\/www.gillie.ai\/wp-content\/uploads\/2023\/03\/alarm-1-18x12.jpg 18w\" sizes=\"auto, (max-width: 724px) 100vw, 724px\" \/>\r\n<figcaption class=\"wp-element-caption\"><strong><span style=\"font-size: 25px;\">Integroi laitteet ja tietoj\u00e4rjestelm\u00e4t<\/span><\/strong><br \/>Anna asiakasdatan virrata kotoa k\u00e4sin otettavista mittauslaitteista tietoj\u00e4rjestelmiimme vain muutamassa sekunnissa.<\/figcaption>\r\n<\/figure>\r\n<\/div>\r\n\r\n\r\n\r\n<div class=\"wp-block-jetpack-layout-grid-column wp-block-jetpack-layout-grid__padding-medium\">\r\n<figure class=\"wp-block-image size-full\"><img loading=\"lazy\" decoding=\"async\" width=\"724\" height=\"483\" class=\"wp-image-2294\" src=\"\/wp-content\/uploads\/2023\/03\/ipad-dashboard.jpg\" alt=\"\" srcset=\"https:\/\/www.gillie.ai\/wp-content\/uploads\/2023\/03\/ipad-dashboard.jpg 724w, https:\/\/www.gillie.ai\/wp-content\/uploads\/2023\/03\/ipad-dashboard-300x200.jpg 300w, https:\/\/www.gillie.ai\/wp-content\/uploads\/2023\/03\/ipad-dashboard-18x12.jpg 18w\" sizes=\"auto, (max-width: 724px) 100vw, 724px\" \/>\r\n<figcaption class=\"wp-element-caption\"><strong><span style=\"font-size: 25px;\">Datan visualisointi<\/span><\/strong><br \/>Yhdist\u00e4\u00e4 eri laitteista ker\u00e4tyt mittaus- ja h\u00e4lytystiedot ja visualisoi tiedot yhten\u00e4isess\u00e4 n\u00e4kym\u00e4ss\u00e4.<\/figcaption>\r\n<\/figure>\r\n<\/div>\r\n\r\n\r\n\r\n<div class=\"wp-block-jetpack-layout-grid-column wp-block-jetpack-layout-grid__padding-medium\">\r\n<figure class=\"wp-block-image size-full\"><img loading=\"lazy\" decoding=\"async\" width=\"724\" height=\"483\" class=\"wp-image-2295\" src=\"\/wp-content\/uploads\/2023\/03\/alarm_center.jpg\" alt=\"\" srcset=\"https:\/\/www.gillie.ai\/wp-content\/uploads\/2023\/03\/alarm_center.jpg 724w, https:\/\/www.gillie.ai\/wp-content\/uploads\/2023\/03\/alarm_center-300x200.jpg 300w, https:\/\/www.gillie.ai\/wp-content\/uploads\/2023\/03\/alarm_center-18x12.jpg 18w\" sizes=\"auto, (max-width: 724px) 100vw, 724px\" \/>\r\n<figcaption class=\"wp-element-caption\"><strong><span style=\"font-size: 25px;\">H\u00e4lytysten kuittaus ja ohjaus<\/span><\/strong><br \/>Eri laitteista saadut sek\u00e4 teko\u00e4lyn tuottamat h\u00e4lytykset n\u00e4ytet\u00e4\u00e4n keskitetysti yhdell\u00e4 ruudulla, josta h\u00e4lytyksi\u00e4 voi kuitata. S\u00e4\u00e4nt\u00f6moottori pystyy ohjaamaan h\u00e4lytyksi\u00e4 my\u00f6s automaattisesti muihin tietoj\u00e4rjestelmiin.<\/figcaption>\r\n<\/figure>\r\n<\/div>\r\n<\/div>\r\n\r\n\r\n\r\n<div id=\"wp-block-themeisle-blocks-advanced-columns-31abe4d3\" class=\"wp-block-themeisle-blocks-advanced-columns has-1-columns has-desktop-equal-layout has-tablet-equal-layout has-mobile-equal-layout has-vertical-unset\">\r\n<div class=\"wp-block-themeisle-blocks-advanced-columns-overlay\">\u00a0<\/div>\r\n<div class=\"innerblocks-wrap\">\r\n<div id=\"wp-block-themeisle-blocks-advanced-column-73dfbf07\" class=\"wp-block-themeisle-blocks-advanced-column\">\u00a0<\/div>\r\n<\/div>\r\n<\/div>\r\n\r\n\r\n\r\n<div class=\"wp-block-jetpack-layout-grid column1-desktop-grid__span-4 column1-desktop-grid__row-1 column2-desktop-grid__span-4 column2-desktop-grid__start-5 column2-desktop-grid__row-1 column3-desktop-grid__span-4 column3-desktop-grid__start-9 column3-desktop-grid__row-1 column1-tablet-grid__span-4 column1-tablet-grid__row-1 column2-tablet-grid__span-4 column2-tablet-grid__start-5 column2-tablet-grid__row-1 column3-tablet-grid__span-4 column3-tablet-grid__row-2 column1-mobile-grid__span-4 column1-mobile-grid__row-1 column2-mobile-grid__span-4 column2-mobile-grid__row-2 column3-mobile-grid__span-4 column3-mobile-grid__row-3\">\r\n<div class=\"wp-block-jetpack-layout-grid-column wp-block-jetpack-layout-grid__padding-medium\">\r\n<figure class=\"wp-block-image size-full\"><img loading=\"lazy\" decoding=\"async\" width=\"724\" height=\"482\" class=\"wp-image-2741\" src=\"\/wp-content\/uploads\/2023\/04\/message-wall-phone-1.jpg\" alt=\"\" srcset=\"https:\/\/www.gillie.ai\/wp-content\/uploads\/2023\/04\/message-wall-phone-1.jpg 724w, https:\/\/www.gillie.ai\/wp-content\/uploads\/2023\/04\/message-wall-phone-1-300x200.jpg 300w, https:\/\/www.gillie.ai\/wp-content\/uploads\/2023\/04\/message-wall-phone-1-18x12.jpg 18w\" sizes=\"auto, (max-width: 724px) 100vw, 724px\" \/>\r\n<figcaption class=\"wp-element-caption\"><strong><span style=\"font-size: 25px;\">Viestisein\u00e4<\/span><\/strong><br \/>Viestisein\u00e4 tarjoaa salatun viestint\u00e4yhteyden asiakkaiden, ammattilaisten ja tarvittaessa perheenj\u00e4senten v\u00e4lille.<\/figcaption>\r\n<\/figure>\r\n<\/div>\r\n\r\n\r\n\r\n<div class=\"wp-block-jetpack-layout-grid-column wp-block-jetpack-layout-grid__padding-medium\">\r\n<figure class=\"wp-block-image size-full\"><img loading=\"lazy\" decoding=\"async\" width=\"724\" height=\"483\" class=\"wp-image-2297\" src=\"\/wp-content\/uploads\/2023\/03\/text.jpg\" alt=\"\" srcset=\"https:\/\/www.gillie.ai\/wp-content\/uploads\/2023\/03\/text.jpg 724w, https:\/\/www.gillie.ai\/wp-content\/uploads\/2023\/03\/text-300x200.jpg 300w, https:\/\/www.gillie.ai\/wp-content\/uploads\/2023\/03\/text-18x12.jpg 18w\" sizes=\"auto, (max-width: 724px) 100vw, 724px\" \/>\r\n<figcaption class=\"wp-element-caption\"><strong><span style=\"font-size: 25px;\">Teko\u00e4ly<\/span><\/strong><br \/>Teko\u00e4ly pystyy l\u00f6yt\u00e4m\u00e4\u00e4n mittauksia jopa tekstin joukosta.<\/figcaption>\r\n<\/figure>\r\n<\/div>\r\n\r\n\r\n\r\n<div class=\"wp-block-jetpack-layout-grid-column wp-block-jetpack-layout-grid__padding-medium\">\r\n<figure class=\"wp-block-image size-full\"><img loading=\"lazy\" decoding=\"async\" width=\"724\" height=\"482\" class=\"wp-image-2298\" src=\"\/wp-content\/uploads\/2023\/03\/data_center.jpg\" alt=\"\" srcset=\"https:\/\/www.gillie.ai\/wp-content\/uploads\/2023\/03\/data_center.jpg 724w, https:\/\/www.gillie.ai\/wp-content\/uploads\/2023\/03\/data_center-300x200.jpg 300w, https:\/\/www.gillie.ai\/wp-content\/uploads\/2023\/03\/data_center-18x12.jpg 18w\" sizes=\"auto, (max-width: 724px) 100vw, 724px\" \/>\r\n<figcaption class=\"wp-element-caption\"><strong><span style=\"font-size: 25px;\">Tietoallas<\/span><\/strong><br \/>Gillie IoT toimii kotona k\u00e4ytett\u00e4vist\u00e4 turva- ja mittalaitteista ker\u00e4ttyjen tietojen tietoaltaana.<\/figcaption>\r\n<\/figure>\r\n<\/div>\r\n<\/div>\r\n<\/div>\r\n<\/div>\r\n<\/div>\r\n<\/div>\r\n<\/div>","protected":false},"excerpt":{"rendered":"","protected":false},"author":226723938,"featured_media":0,"parent":0,"menu_order":0,"comment_status":"closed","ping_status":"closed","template":"","meta":{"_uag_custom_page_level_css":"","neve_meta_sidebar":"","neve_meta_container":"","neve_meta_enable_content_width":"off","neve_meta_content_width":100,"neve_meta_title_alignment":"","neve_meta_author_avatar":"","neve_post_elements_order":"","neve_meta_disable_header":"","neve_meta_disable_footer":"","neve_meta_disable_title":"","neve_meta_reading_time":"","_themeisle_gutenberg_block_has_review":false,"footnotes":""},"class_list":["post-1093","page","type-page","status-publish","hentry"],"uagb_featured_image_src":{"full":false,"thumbnail":false,"medium":false,"medium_large":false,"large":false,"1536x1536":false,"2048x2048":false,"trp-custom-language-flag":false,"neve-blog":false},"uagb_author_info":{"display_name":"gillieai","author_link":"https:\/\/www.gillie.ai\/fi\/author\/gillieai\/"},"uagb_comment_info":0,"uagb_excerpt":null,"_links":{"self":[{"href":"https:\/\/www.gillie.ai\/fi\/wp-json\/wp\/v2\/pages\/1093","targetHints":{"allow":["GET"]}}],"collection":[{"href":"https:\/\/www.gillie.ai\/fi\/wp-json\/wp\/v2\/pages"}],"about":[{"href":"https:\/\/www.gillie.ai\/fi\/wp-json\/wp\/v2\/types\/page"}],"author":[{"embeddable":true,"href":"https:\/\/www.gillie.ai\/fi\/wp-json\/wp\/v2\/users\/226723938"}],"replies":[{"embeddable":true,"href":"https:\/\/www.gillie.ai\/fi\/wp-json\/wp\/v2\/comments?post=1093"}],"version-history":[{"count":43,"href":"https:\/\/www.gillie.ai\/fi\/wp-json\/wp\/v2\/pages\/1093\/revisions"}],"predecessor-version":[{"id":2980,"href":"https:\/\/www.gillie.ai\/fi\/wp-json\/wp\/v2\/pages\/1093\/revisions\/2980"}],"wp:attachment":[{"href":"https:\/\/www.gillie.ai\/fi\/wp-json\/wp\/v2\/media?parent=1093"}],"curies":[{"name":"wp","href":"https:\/\/api.w.org\/{rel}","templated":true}]}}