{"id":2633,"date":"2023-04-06T17:02:59","date_gmt":"2023-04-06T14:02:59","guid":{"rendered":"http:\/\/dev16.local\/?page_id=2633"},"modified":"2025-11-21T01:41:24","modified_gmt":"2025-11-20T23:41:24","slug":"case-ekhva","status":"publish","type":"page","link":"https:\/\/www.gillie.ai\/fi\/case-ekhva\/","title":{"rendered":"Case EKHVA"},"content":{"rendered":"<div class=\"wp-block-cover is-light has-custom-content-position is-position-bottom-left\"><span aria-hidden=\"true\" class=\"wp-block-cover__background has-background-dim-0 has-background-dim\"><\/span><img loading=\"lazy\" decoding=\"async\" width=\"2121\" height=\"1414\" class=\"wp-block-cover__image-background wp-image-2673\" alt=\"\" src=\"\/wp-content\/uploads\/2023\/04\/case-blood-pressure.jpg\" style=\"object-position:48% 19%\" data-object-fit=\"cover\" data-object-position=\"48% 19%\" srcset=\"https:\/\/www.gillie.ai\/wp-content\/uploads\/2023\/04\/case-blood-pressure.jpg 2121w, https:\/\/www.gillie.ai\/wp-content\/uploads\/2023\/04\/case-blood-pressure-300x200.jpg 300w, https:\/\/www.gillie.ai\/wp-content\/uploads\/2023\/04\/case-blood-pressure-1024x683.jpg 1024w, https:\/\/www.gillie.ai\/wp-content\/uploads\/2023\/04\/case-blood-pressure-768x512.jpg 768w, https:\/\/www.gillie.ai\/wp-content\/uploads\/2023\/04\/case-blood-pressure-1536x1024.jpg 1536w, https:\/\/www.gillie.ai\/wp-content\/uploads\/2023\/04\/case-blood-pressure-2048x1365.jpg 2048w, https:\/\/www.gillie.ai\/wp-content\/uploads\/2023\/04\/case-blood-pressure-18x12.jpg 18w, https:\/\/www.gillie.ai\/wp-content\/uploads\/2023\/04\/case-blood-pressure-930x620.jpg 930w\" sizes=\"auto, (max-width: 2121px) 100vw, 2121px\" \/><div class=\"wp-block-cover__inner-container is-layout-flow wp-block-cover-is-layout-flow\">\r\n<div id=\"wp-block-themeisle-blocks-advanced-columns-f339aa63\" class=\"wp-block-themeisle-blocks-advanced-columns has-1-columns has-desktop-equal-layout has-tablet-equal-layout has-mobile-equal-layout has-vertical-unset\"><div class=\"wp-block-themeisle-blocks-advanced-columns-overlay\"><\/div><div class=\"innerblocks-wrap\">\r\n<div id=\"wp-block-themeisle-blocks-advanced-column-4010f3d5\" class=\"wp-block-themeisle-blocks-advanced-column\">\r\n<h2 id=\"wp-block-themeisle-blocks-advanced-heading-66bd9e7a\" class=\"wp-block-themeisle-blocks-advanced-heading wp-block-themeisle-blocks-advanced-heading-66bd9e7a\">Etel\u00e4-Karjalan hyvinvointialue<\/h2>\r\n<\/div>\r\n<\/div><\/div>\r\n<\/div><\/div>\r\n\r\n\r\n\r\n<div id=\"wp-block-themeisle-blocks-advanced-columns-63ac7a5d\" class=\"wp-block-themeisle-blocks-advanced-columns has-2-columns has-desktop-oneTwo-layout has-tablet-equal-layout has-mobile-collapsedRows-layout has-vertical-unset\"><div class=\"wp-block-themeisle-blocks-advanced-columns-overlay\"><\/div><div class=\"innerblocks-wrap\">\r\n<div id=\"wp-block-themeisle-blocks-advanced-column-5534f300\" class=\"wp-block-themeisle-blocks-advanced-column\">\r\n<div id=\"wp-block-themeisle-blocks-advanced-columns-d891f994\" class=\"wp-block-themeisle-blocks-advanced-columns has-1-columns has-desktop-equal-layout has-tablet-equal-layout has-mobile-equal-layout has-vertical-unset\"><div class=\"wp-block-themeisle-blocks-advanced-columns-overlay\"><\/div><div class=\"innerblocks-wrap\">\r\n<div id=\"wp-block-themeisle-blocks-advanced-column-d0f2a85a\" class=\"wp-block-themeisle-blocks-advanced-column\"><div class=\"wp-block-image is-style-rounded\">\r\n<figure class=\"aligncenter size-thumbnail\"><img decoding=\"async\" src=\"\/wp-content\/uploads\/2023\/03\/samuel-edited-150x150.jpg\" alt=\"\" class=\"wp-image-1955\"\/><figcaption class=\"wp-element-caption\">Samuel Kivikari<br>samuel.kivikari@gillie.ai<\/figcaption><\/figure><\/div>\r\n\r\n\r\n<div class=\"wp-block-uagb-buttons uagb-buttons__outer-wrap uagb-btn__small-btn uagb-btn-tablet__default-btn uagb-btn-mobile__default-btn uagb-block-22a22e69\"><div class=\"uagb-buttons__wrap uagb-buttons-layout-wrap\">\r\n\r\n<\/div><\/div>\r\n<\/div>\r\n<\/div><\/div>\r\n<\/div>\r\n\r\n\r\n\r\n<div id=\"wp-block-themeisle-blocks-advanced-column-320cb571\" class=\"wp-block-themeisle-blocks-advanced-column\">\r\n<h3 id=\"wp-block-themeisle-blocks-advanced-heading-71a6dd08\" class=\"wp-block-themeisle-blocks-advanced-heading wp-block-themeisle-blocks-advanced-heading-71a6dd08\">Haaste<\/h3>\r\n\r\n\r\n\r\n<p id=\"wp-block-themeisle-blocks-advanced-heading-27d23423\" class=\"wp-block-themeisle-blocks-advanced-heading wp-block-themeisle-blocks-advanced-heading-27d23423\">Kotiin viet\u00e4vien palveluiden parissa hoitohenkil\u00f6kunnan arkea ja asiakkaan turvallisuutta on helpottamassa useita erilaisia teknologia ratkaisua. Yleisimpi\u00e4 ratkaisuja ovat esimerkiksi turvapuhelimet, l\u00e4\u00e4keannostimet, videoyhteydet ja erilaiset sensorit. Riski s\u00e4hk\u00f6njakelun riitt\u00e4vyydest\u00e4 ja nettiyhteyksien katkeamisesta on lis\u00e4\u00e4ntynyt huomattavasti, samaan aikaan vauhdilla kasvavien laite m\u00e4\u00e4rien my\u00f6t\u00e4.<\/p>\r\n\r\n<p id=\"wp-block-themeisle-blocks-advanced-heading-27d23423\" class=\"wp-block-themeisle-blocks-advanced-heading wp-block-themeisle-blocks-advanced-heading-27d23423\">Laitteiden tuottama tieto l\u00f6ytyy jokaisen laitevalmistajan omasta taustaj\u00e4rjestelm\u00e4st\u00e4 ja niiden yht\u00e4aikainen tarkastelu vaatii hoitajalta kirjautumisen useampaan eri j\u00e4rjestelm\u00e4\u00e4n erilaisilla k\u00e4ytt\u00e4j\u00e4tunnus-salasana yhdistelmill\u00e4. T\u00e4m\u00e4 tuottaa teknisi\u00e4 haasteita, jotka sy\u00f6v\u00e4t hoitajan ty\u00f6aikaa, jonka ei kuuluisi kulua teknisten haasteiden kanssa. Kaikilla hoitajilla ei ole my\u00f6sk\u00e4\u00e4n ollut saatavilla kaikkea sit\u00e4 tieto, mit\u00e4 eri j\u00e4rjestelm\u00e4t tuottavat. Tieto on ollut rajattua ja vain joidenkin ammattiryhmien saatavilla, tietoturva syist\u00e4. Samalla laitekannan ajan tasalla pit\u00e4minen vaatii manuaalista ty\u00f6t\u00e4, kun p\u00e4ivitet\u00e4\u00e4n kenell\u00e4 mik\u00e4kin laite on. Ongelmatilanteissa, jossa nettiyhteydet tai s\u00e4hk\u00f6njakelu vikaantuvat ja t\u00e4m\u00e4 koskettaa isoa joukkoa teknisi\u00e4 apuv\u00e4lineit\u00e4, ei hoitajat ole tienneet keit\u00e4 asiakkaista t\u00e4m\u00e4 koskettaa.<\/p>\r\n\r\n\r\n\r\n<h3 id=\"wp-block-themeisle-blocks-advanced-heading-367a565b\" class=\"wp-block-themeisle-blocks-advanced-heading wp-block-themeisle-blocks-advanced-heading-367a565b\">Ratkaisu<\/h3>\r\n\r\n\r\n\r\n<p id=\"wp-block-themeisle-blocks-advanced-heading-ab4df0d6\" class=\"wp-block-themeisle-blocks-advanced-heading wp-block-themeisle-blocks-advanced-heading-ab4df0d6\">Gillien IoT-alustalla kaikkien laitteiden tuottama tieto saadaan koottua yhden n\u00e4kym\u00e4n taakse hoitohenkil\u00f6kunnalle. Alustalla laitteiden tuottamia tietoja pystyt\u00e4\u00e4n yhdistelem\u00e4\u00e4n ja visualisoimaan, sek\u00e4 niit\u00e4 voidaan l\u00e4hett\u00e4\u00e4 my\u00f6s eteenp\u00e4in muihin ratkaisuihin avoimien rajapintojen kautta. Koska IoT-alusta on kytkett\u00e4viss\u00e4 my\u00f6s potilastietoj\u00e4rjestelm\u00e4\u00e4n, pystyy se automaattisesti pit\u00e4m\u00e4\u00e4n ajantasaista laiterekisteri\u00e4. Laiterekisterist\u00e4 hoitohenkil\u00f6kunta n\u00e4kee, kenell\u00e4 asiakkaalla laitteet ovat, montako erilaista laitetta heill\u00e4 on k\u00e4yt\u00f6ss\u00e4. Laiterekisterist\u00e4 hoitaja n\u00e4kee nopeasti oman alueensa asiakkailla olevat laitteet ja laajemmassa h\u00e4iri\u00f6tilanteessa pystyy nopeasti tekem\u00e4\u00e4n ne p\u00e4\u00e4t\u00f6kset, kenen asiakkaan luokse on teht\u00e4v\u00e4 fyysinen kotik\u00e4ynti, teknisten h\u00e4iri\u00f6iden takia.\nKun asiakkaalle merkit\u00e4\u00e4n potilastietoj\u00e4rjestelm\u00e4\u00e4n jokin laite olevan k\u00e4yt\u00f6ss\u00e4, ilmestyy se automaattisesti my\u00f6s laiterekisteriin. My\u00f6s palvelun loputtua laite automaattisesti poistuu reksiterist\u00e4.<\/p>\r\n\r\n\r\n\r\n<h3 id=\"wp-block-themeisle-blocks-advanced-heading-d3256ca7\" class=\"wp-block-themeisle-blocks-advanced-heading wp-block-themeisle-blocks-advanced-heading-d3256ca7\">Asiakkaasta<\/h3>\r\n\r\n\r\n<p id=\"wp-block-themeisle-blocks-advanced-heading-ab4df0d6\" class=\"wp-block-themeisle-blocks-advanced-heading wp-block-themeisle-blocks-advanced-heading-ab4df0d6\">Etel\u00e4-Karjalan hyvinvointialue vastaa sosiaali- ja terveydenhuollon sek\u00e4 pelastuspalvelujen j\u00e4rjest\u00e4misest\u00e4 noin 130 000 asukkaalle yhdeks\u00e4ss\u00e4 Etel\u00e4-Karjalan kunnassa. Se toimii kuntayhtym\u00e4n\u00e4, joka kokoaa yhteen sairaalat, perusterveydenhuollon, perhe- ja sosiaalipalvelut sek\u00e4 vanhusten palvelut tarjotakseen tasa-arvoista ja esteet\u00f6nt\u00e4 tukea asukkaille l\u00e4pi heid\u00e4n el\u00e4m\u00e4n. Noin 5 000\u201310 000 ty\u00f6ntekij\u00e4n voimin maakunta edist\u00e4\u00e4 alueen hyvinvointia, turvallisuutta ja toimintakyky\u00e4 tiiviiss\u00e4 yhteisty\u00f6ss\u00e4 paikallisten kumppaneiden kanssa.<\/p>\r\n\r\n\r\n<p id=\"wp-block-themeisle-blocks-advanced-heading-d9ab45bd\" class=\"wp-block-themeisle-blocks-advanced-heading wp-block-themeisle-blocks-advanced-heading-d9ab45bd\"><\/p>\r\n<\/div>\r\n<\/div><\/div>","protected":false},"excerpt":{"rendered":"","protected":false},"author":226723938,"featured_media":0,"parent":0,"menu_order":0,"comment_status":"closed","ping_status":"closed","template":"","meta":{"_uag_custom_page_level_css":"","neve_meta_sidebar":"","neve_meta_container":"","neve_meta_enable_content_width":"off","neve_meta_content_width":100,"neve_meta_title_alignment":"","neve_meta_author_avatar":"","neve_post_elements_order":"","neve_meta_disable_header":"","neve_meta_disable_footer":"","neve_meta_disable_title":"","neve_meta_reading_time":"","_themeisle_gutenberg_block_has_review":false,"footnotes":""},"class_list":["post-2633","page","type-page","status-publish","hentry"],"uagb_featured_image_src":{"full":false,"thumbnail":false,"medium":false,"medium_large":false,"large":false,"1536x1536":false,"2048x2048":false,"trp-custom-language-flag":false,"neve-blog":false},"uagb_author_info":{"display_name":"gillieai","author_link":"https:\/\/www.gillie.ai\/fi\/author\/gillieai\/"},"uagb_comment_info":0,"uagb_excerpt":null,"_links":{"self":[{"href":"https:\/\/www.gillie.ai\/fi\/wp-json\/wp\/v2\/pages\/2633","targetHints":{"allow":["GET"]}}],"collection":[{"href":"https:\/\/www.gillie.ai\/fi\/wp-json\/wp\/v2\/pages"}],"about":[{"href":"https:\/\/www.gillie.ai\/fi\/wp-json\/wp\/v2\/types\/page"}],"author":[{"embeddable":true,"href":"https:\/\/www.gillie.ai\/fi\/wp-json\/wp\/v2\/users\/226723938"}],"replies":[{"embeddable":true,"href":"https:\/\/www.gillie.ai\/fi\/wp-json\/wp\/v2\/comments?post=2633"}],"version-history":[{"count":10,"href":"https:\/\/www.gillie.ai\/fi\/wp-json\/wp\/v2\/pages\/2633\/revisions"}],"predecessor-version":[{"id":2999,"href":"https:\/\/www.gillie.ai\/fi\/wp-json\/wp\/v2\/pages\/2633\/revisions\/2999"}],"wp:attachment":[{"href":"https:\/\/www.gillie.ai\/fi\/wp-json\/wp\/v2\/media?parent=2633"}],"curies":[{"name":"wp","href":"https:\/\/api.w.org\/{rel}","templated":true}]}}